{"id":318,"date":"2017-04-18T15:40:39","date_gmt":"2017-04-18T13:40:39","guid":{"rendered":"http:\/\/silonchantait.com\/chorale\/?page_id=318"},"modified":"2017-05-24T20:38:01","modified_gmt":"2017-05-24T18:38:01","slug":"mentions","status":"publish","type":"page","link":"https:\/\/www.silonchantait.com\/chorale\/mentions\/","title":{"rendered":"Mentions"},"content":{"rendered":"<p>[et_pb_section admin_label=\u00a0\u00bbsection\u00a0\u00bb]<br \/>\n\t\t[et_pb_row admin_label=\u00a0\u00bbrow\u00a0\u00bb]<br \/>\n\t\t\t[et_pb_column type=\u00a0\u00bb4_4&Prime;]<br \/>\n\t\t\t\t[et_pb_text admin_label=\u00a0\u00bbText\u00a0\u00bb]<\/p>\n<p>Cr\u00e9dits et mentions l\u00e9gales :<\/p>\n<p>Ce site et les photos publi\u00e9es sur ce site sont la propri\u00e9t\u00e9 du groupe vocal \u00ab\u00a0Si l&rsquo;on chantait\u00a0\u00bb<\/p>\n<p>Association loi 1901<br \/>\n Tous droits r\u00e9serv\u00e9s &#8211; \u00a92017<\/p>\n<p><span style=\"text-decoration: underline;\">Direction de la publication<\/span> :<br \/>\n Groupe vocal \u00ab\u00a0Si l&rsquo;on chantait\u00a0\u00bb &#8211; 73240 Avressieux<br \/>\n Lucette Perrouse &#8211; Pr\u00e9sidente de l&rsquo;association<br \/>\n T\u00e9l.:\u00a004 76 32 84 90<br \/>\n <a href=\"mailto:contact@silonchantait.com\">contact@silonchantait.com<br \/>\n <\/a>Webmaster : Bernard Catherin<\/p>\n<p>&nbsp;<\/p>\n<p><span style=\"text-decoration: underline;\">H\u00e9bergement<\/span> :<br \/>\n <a href=\"http:\/\/www.ovh.com\/\" target=\"_blank\" rel=\"noopener noreferrer\">OVH<\/a><br \/>\n SAS au capital de 10\u00a0069\u00a0020\u00a0\u20ac <br \/>\n RCS Lille M\u00e9tropole 424 761 419 00045<br \/>\n Code APE 2620Z<br \/>\n N\u00b0 TVA : FR 22 424 761 419<br \/>\n Si\u00e8ge social : 2 rue Kellermann \u2013 59100 Roubaix \u2013 France<a href=\"http:\/\/www.ovh.com\/\" target=\"_blank\" rel=\"noopener noreferrer\"><br \/>\n <\/a><\/p>\n<p>&nbsp;<\/p>\n<p><span style=\"text-decoration: underline;\">Conception<\/span> :<br \/>\n Mail : infos@mlcat.com<br \/>\n <a href=\"http:\/\/www.mlcat.com\/\" target=\"_blank\" rel=\"noopener noreferrer\">www.mlcat.com<\/a><\/p>\n<p>&nbsp;<\/p>\n<p><span style=\"font-size: 10pt;\"><em>Cr\u00e9dits images : \u00a0<a href=\"http:\/\/fr.freepik.com\/vecteurs-libre\/microphone_791916.htm\" target=\"_blank\" rel=\"noopener noreferrer\">Freepik<\/a>, Dauphin\u00e9 Lib\u00e9r\u00e9<\/em><\/span><\/p>\n<p>&nbsp;<\/p>\n<p>\t\t\t\t[\/et_pb_text]<br \/>\n\t\t\t[\/et_pb_column]<br \/>\n\t\t[\/et_pb_row]<br \/>\n\t[\/et_pb_section]<\/p>\n","protected":false},"excerpt":{"rendered":"<p>Cr\u00e9dits et mentions l\u00e9gales : Ce site et les photos publi\u00e9es sur ce site sont la propri\u00e9t\u00e9 du groupe vocal \u00ab\u00a0Si l&rsquo;on chantait\u00a0\u00bb Association loi 1901 Tous droits r\u00e9serv\u00e9s &#8211; \u00a92017 Direction de la publication : Groupe vocal \u00ab\u00a0Si l&rsquo;on chantait\u00a0\u00bb &#8211; 73240 Avressieux Lucette Perrouse &#8211; Pr\u00e9sidente de l&rsquo;association T\u00e9l.:\u00a004 76 32 84 90 [&hellip;]<\/p>\n","protected":false},"author":1,"featured_media":0,"parent":0,"menu_order":0,"comment_status":"closed","ping_status":"closed","template":"","meta":{"_et_pb_use_builder":"on","_et_pb_old_content":"<p>Cr\u00e9dits et mentions l\u00e9gales :<\/p>\r\n<p>Ce site et les photos publi\u00e9es sur ce site sont la propri\u00e9t\u00e9 du groupe vocal \"Si l'on chantait\"<\/p>\r\n<p>Association loi 1901<br \/>\r\n Tous droits r\u00e9serv\u00e9s - \u00a92017<\/p>\r\n<p><span style=\"text-decoration: underline;\">Direction de la publication<\/span> :<br \/>\r\n Groupe vocal \"Si l'on chantait\" - 73240 Avressieux<br \/>\r\n Lucette Perrouse - Pr\u00e9sidente de l'association<br \/>\r\n T\u00e9l.:\u00a004 76 32 84 90<br \/>\r\n <a href=\"mailto:contact@silonchantait.com\">contact@silonchantait.com<br \/>\r\n <\/a>Webmaster : Bernard Catherin<\/p>\r\n<p>&nbsp;<\/p>\r\n<p><span style=\"text-decoration: underline;\">H\u00e9bergement<\/span> :<br \/>\r\n <a href=\"http:\/\/www.ovh.com\/\" target=\"_blank\" rel=\"noopener noreferrer\">OVH<\/a><br \/>\r\n SAS au capital de 10\u00a0069\u00a0020\u00a0\u20ac <br \/>\r\n RCS Lille M\u00e9tropole 424 761 419 00045<br \/>\r\n Code APE 2620Z<br \/>\r\n N\u00b0 TVA : FR 22 424 761 419<br \/>\r\n Si\u00e8ge social : 2 rue Kellermann \u2013 59100 Roubaix \u2013 France<a href=\"http:\/\/www.ovh.com\/\" target=\"_blank\" rel=\"noopener noreferrer\"><br \/>\r\n <\/a><\/p>\r\n<p>&nbsp;<\/p>\r\n<p><span style=\"text-decoration: underline;\">Conception<\/span> :<br \/>\r\n Mail : infos@mlcat.com<br \/>\r\n <a href=\"http:\/\/www.mlcat.com\/\" target=\"_blank\" rel=\"noopener noreferrer\">www.mlcat.com<\/a><\/p>\r\n<p>&nbsp;<\/p>\r\n<p><span style=\"font-size: 10pt;\"><em>Cr\u00e9dits images : \u00a0<a href=\"http:\/\/fr.freepik.com\/vecteurs-libre\/microphone_791916.htm\" target=\"_blank\" rel=\"noopener noreferrer\">Freepik<\/a>, Dauphin\u00e9 Lib\u00e9r\u00e9<\/em><\/span><\/p>\r\n<p>&nbsp;<\/p>","_et_gb_content_width":"","_exactmetrics_skip_tracking":false,"_exactmetrics_sitenote_active":false,"_exactmetrics_sitenote_note":"","_exactmetrics_sitenote_category":0,"footnotes":""},"class_list":["post-318","page","type-page","status-publish","hentry"],"yoast_head":"<!-- This site is optimized with the Yoast SEO plugin v25.3.1 - https:\/\/yoast.com\/wordpress\/plugins\/seo\/ -->\n<title>Mentions - Groupe vocal &quot;Si l&#039;on chantait&quot;<\/title>\n<meta name=\"description\" content=\"Site du groupe vocal Si l&#039;on chantait, chorale d&#039;Avressieux, dans l&#039;Avant-Pays savoyard - 73240 - Savoie - Chant, Vari\u00e9t\u00e9\" \/>\n<meta name=\"robots\" content=\"index, follow, max-snippet:-1, max-image-preview:large, max-video-preview:-1\" \/>\n<link rel=\"canonical\" href=\"https:\/\/www.silonchantait.com\/chorale\/mentions\/\" \/>\n<meta property=\"og:locale\" content=\"fr_FR\" \/>\n<meta property=\"og:type\" content=\"article\" \/>\n<meta property=\"og:title\" content=\"Mentions - Groupe vocal &quot;Si l&#039;on chantait&quot;\" \/>\n<meta property=\"og:description\" content=\"Site du groupe vocal Si l&#039;on chantait, chorale d&#039;Avressieux, dans l&#039;Avant-Pays savoyard - 73240 - Savoie - Chant, Vari\u00e9t\u00e9\" \/>\n<meta property=\"og:url\" content=\"https:\/\/www.silonchantait.com\/chorale\/mentions\/\" \/>\n<meta property=\"og:site_name\" content=\"Groupe vocal &quot;Si l&#039;on chantait&quot;\" \/>\n<meta property=\"article:modified_time\" content=\"2017-05-24T18:38:01+00:00\" \/>\n<meta name=\"twitter:card\" content=\"summary_large_image\" \/>\n<meta name=\"twitter:label1\" content=\"Dur\u00e9e de lecture estim\u00e9e\" \/>\n\t<meta name=\"twitter:data1\" content=\"1 minute\" \/>\n<script type=\"application\/ld+json\" class=\"yoast-schema-graph\">{\"@context\":\"https:\/\/schema.org\",\"@graph\":[{\"@type\":\"WebPage\",\"@id\":\"https:\/\/www.silonchantait.com\/chorale\/mentions\/\",\"url\":\"https:\/\/www.silonchantait.com\/chorale\/mentions\/\",\"name\":\"Mentions - Groupe vocal &quot;Si l&#039;on chantait&quot;\",\"isPartOf\":{\"@id\":\"https:\/\/www.silonchantait.com\/chorale\/#website\"},\"datePublished\":\"2017-04-18T13:40:39+00:00\",\"dateModified\":\"2017-05-24T18:38:01+00:00\",\"description\":\"Site du groupe vocal Si l'on chantait, chorale d'Avressieux, dans l'Avant-Pays savoyard - 73240 - Savoie - Chant, Vari\u00e9t\u00e9\",\"breadcrumb\":{\"@id\":\"https:\/\/www.silonchantait.com\/chorale\/mentions\/#breadcrumb\"},\"inLanguage\":\"fr-FR\",\"potentialAction\":[{\"@type\":\"ReadAction\",\"target\":[\"https:\/\/www.silonchantait.com\/chorale\/mentions\/\"]}]},{\"@type\":\"BreadcrumbList\",\"@id\":\"https:\/\/www.silonchantait.com\/chorale\/mentions\/#breadcrumb\",\"itemListElement\":[{\"@type\":\"ListItem\",\"position\":1,\"name\":\"Accueil\",\"item\":\"https:\/\/www.silonchantait.com\/chorale\/\"},{\"@type\":\"ListItem\",\"position\":2,\"name\":\"Mentions\"}]},{\"@type\":\"WebSite\",\"@id\":\"https:\/\/www.silonchantait.com\/chorale\/#website\",\"url\":\"https:\/\/www.silonchantait.com\/chorale\/\",\"name\":\"Groupe vocal &quot;Si l&#039;on chantait&quot;\",\"description\":\"Chorale d&#039;Avressieux\",\"potentialAction\":[{\"@type\":\"SearchAction\",\"target\":{\"@type\":\"EntryPoint\",\"urlTemplate\":\"https:\/\/www.silonchantait.com\/chorale\/?s={search_term_string}\"},\"query-input\":{\"@type\":\"PropertyValueSpecification\",\"valueRequired\":true,\"valueName\":\"search_term_string\"}}],\"inLanguage\":\"fr-FR\"}]}<\/script>\n<!-- \/ Yoast SEO plugin. -->","yoast_head_json":{"title":"Mentions - Groupe vocal &quot;Si l&#039;on chantait&quot;","description":"Site du groupe vocal Si l'on chantait, chorale d'Avressieux, dans l'Avant-Pays savoyard - 73240 - Savoie - Chant, Vari\u00e9t\u00e9","robots":{"index":"index","follow":"follow","max-snippet":"max-snippet:-1","max-image-preview":"max-image-preview:large","max-video-preview":"max-video-preview:-1"},"canonical":"https:\/\/www.silonchantait.com\/chorale\/mentions\/","og_locale":"fr_FR","og_type":"article","og_title":"Mentions - Groupe vocal &quot;Si l&#039;on chantait&quot;","og_description":"Site du groupe vocal Si l'on chantait, chorale d'Avressieux, dans l'Avant-Pays savoyard - 73240 - Savoie - Chant, Vari\u00e9t\u00e9","og_url":"https:\/\/www.silonchantait.com\/chorale\/mentions\/","og_site_name":"Groupe vocal &quot;Si l&#039;on chantait&quot;","article_modified_time":"2017-05-24T18:38:01+00:00","twitter_card":"summary_large_image","twitter_misc":{"Dur\u00e9e de lecture estim\u00e9e":"1 minute"},"schema":{"@context":"https:\/\/schema.org","@graph":[{"@type":"WebPage","@id":"https:\/\/www.silonchantait.com\/chorale\/mentions\/","url":"https:\/\/www.silonchantait.com\/chorale\/mentions\/","name":"Mentions - Groupe vocal &quot;Si l&#039;on chantait&quot;","isPartOf":{"@id":"https:\/\/www.silonchantait.com\/chorale\/#website"},"datePublished":"2017-04-18T13:40:39+00:00","dateModified":"2017-05-24T18:38:01+00:00","description":"Site du groupe vocal Si l'on chantait, chorale d'Avressieux, dans l'Avant-Pays savoyard - 73240 - Savoie - Chant, Vari\u00e9t\u00e9","breadcrumb":{"@id":"https:\/\/www.silonchantait.com\/chorale\/mentions\/#breadcrumb"},"inLanguage":"fr-FR","potentialAction":[{"@type":"ReadAction","target":["https:\/\/www.silonchantait.com\/chorale\/mentions\/"]}]},{"@type":"BreadcrumbList","@id":"https:\/\/www.silonchantait.com\/chorale\/mentions\/#breadcrumb","itemListElement":[{"@type":"ListItem","position":1,"name":"Accueil","item":"https:\/\/www.silonchantait.com\/chorale\/"},{"@type":"ListItem","position":2,"name":"Mentions"}]},{"@type":"WebSite","@id":"https:\/\/www.silonchantait.com\/chorale\/#website","url":"https:\/\/www.silonchantait.com\/chorale\/","name":"Groupe vocal &quot;Si l&#039;on chantait&quot;","description":"Chorale d&#039;Avressieux","potentialAction":[{"@type":"SearchAction","target":{"@type":"EntryPoint","urlTemplate":"https:\/\/www.silonchantait.com\/chorale\/?s={search_term_string}"},"query-input":{"@type":"PropertyValueSpecification","valueRequired":true,"valueName":"search_term_string"}}],"inLanguage":"fr-FR"}]}},"_links":{"self":[{"href":"https:\/\/www.silonchantait.com\/chorale\/wp-json\/wp\/v2\/pages\/318","targetHints":{"allow":["GET"]}}],"collection":[{"href":"https:\/\/www.silonchantait.com\/chorale\/wp-json\/wp\/v2\/pages"}],"about":[{"href":"https:\/\/www.silonchantait.com\/chorale\/wp-json\/wp\/v2\/types\/page"}],"author":[{"embeddable":true,"href":"https:\/\/www.silonchantait.com\/chorale\/wp-json\/wp\/v2\/users\/1"}],"replies":[{"embeddable":true,"href":"https:\/\/www.silonchantait.com\/chorale\/wp-json\/wp\/v2\/comments?post=318"}],"version-history":[{"count":5,"href":"https:\/\/www.silonchantait.com\/chorale\/wp-json\/wp\/v2\/pages\/318\/revisions"}],"predecessor-version":[{"id":1386,"href":"https:\/\/www.silonchantait.com\/chorale\/wp-json\/wp\/v2\/pages\/318\/revisions\/1386"}],"wp:attachment":[{"href":"https:\/\/www.silonchantait.com\/chorale\/wp-json\/wp\/v2\/media?parent=318"}],"curies":[{"name":"wp","href":"https:\/\/api.w.org\/{rel}","templated":true}]}}